{"id":2,"date":"2023-03-27T16:14:37","date_gmt":"2023-03-27T14:14:37","guid":{"rendered":"http:\/\/e-nov.it\/?page_id=2"},"modified":"2023-03-27T23:43:32","modified_gmt":"2023-03-27T21:43:32","slug":"qui-sommes-nous","status":"publish","type":"page","link":"https:\/\/e-nov.it\/index.php\/qui-sommes-nous\/","title":{"rendered":"e-nov.it"},"content":{"rendered":"\n<p>Notre entreprise, e-nov.it, est sp\u00e9cialis\u00e9e dans la cr\u00e9ation d&rsquo;outils digitaux sur mesure. Nous sommes implant\u00e9s dans les Bouches du Rh\u00f4ne et travaillons en \u00e9troite collaboration avec d&rsquo;autres d\u00e9veloppeurs pour r\u00e9pondre \u00e0 vos besoins sp\u00e9cifiques. Nous sommes passionn\u00e9s par notre travail et nous nous engageons \u00e0 fournir des solutions de haute qualit\u00e9 pour r\u00e9pondre \u00e0 vos besoins.<\/p>\n\n\n\n<p>Notre d\u00e9veloppeur est un expert en technologies front-end r\u00e9centes telles que React et Angular, ainsi qu&rsquo;en d\u00e9veloppement web full-stack. Nous sommes en mesure de comprendre les enjeux li\u00e9s \u00e0 la cr\u00e9ation d&rsquo;outils digitaux pour les entreprises de toutes tailles. Nous sommes en mesure de vous accompagner tout au long du processus de d\u00e9veloppement, de la conception \u00e0 la mise en ligne, afin de r\u00e9pondre \u00e0 vos besoins sp\u00e9cifiques. Nous sommes \u00e9galement en mesure de prendre en charge la maintenance de votre outil digital pour garantir son bon fonctionnement sur le long terme.<\/p>\n\n\n\n<p>Nous sommes actuellement \u00e0 la recherche de nouvelles missions pour des entreprises de toutes tailles. Notre expertise en d\u00e9veloppement web, ainsi que notre ambition de devenir un acteur majeur dans le domaine des outils digitaux, nous permettent de r\u00e9pondre \u00e0 vos besoins de mani\u00e8re efficace et professionnelle. N&rsquo;h\u00e9sitez pas \u00e0 nous contacter pour discuter de vos projets et de la mani\u00e8re dont nous pouvons vous aider \u00e0 les r\u00e9aliser.<\/p>\n","protected":false},"excerpt":{"rendered":"<p>Notre entreprise, e-nov.it, est sp\u00e9cialis\u00e9e dans la cr\u00e9ation d&rsquo;outils digitaux sur mesure. Nous sommes implant\u00e9s dans les Bouches du Rh\u00f4ne et travaillons en \u00e9troite collaboration avec d&rsquo;autres d\u00e9veloppeurs pour r\u00e9pondre \u00e0 vos besoins sp\u00e9cifiques. Nous sommes passionn\u00e9s par notre travail et nous nous engageons \u00e0 fournir des solutions de haute qualit\u00e9 pour r\u00e9pondre \u00e0 vos [&hellip;]<\/p>\n","protected":false},"author":2,"featured_media":0,"parent":0,"menu_order":0,"comment_status":"closed","ping_status":"open","template":"","meta":{"footnotes":""},"class_list":["post-2","page","type-page","status-publish","hentry","entry"],"_links":{"self":[{"href":"https:\/\/e-nov.it\/index.php\/wp-json\/wp\/v2\/pages\/2","targetHints":{"allow":["GET"]}}],"collection":[{"href":"https:\/\/e-nov.it\/index.php\/wp-json\/wp\/v2\/pages"}],"about":[{"href":"https:\/\/e-nov.it\/index.php\/wp-json\/wp\/v2\/types\/page"}],"author":[{"embeddable":true,"href":"https:\/\/e-nov.it\/index.php\/wp-json\/wp\/v2\/users\/2"}],"replies":[{"embeddable":true,"href":"https:\/\/e-nov.it\/index.php\/wp-json\/wp\/v2\/comments?post=2"}],"version-history":[{"count":2,"href":"https:\/\/e-nov.it\/index.php\/wp-json\/wp\/v2\/pages\/2\/revisions"}],"predecessor-version":[{"id":7,"href":"https:\/\/e-nov.it\/index.php\/wp-json\/wp\/v2\/pages\/2\/revisions\/7"}],"wp:attachment":[{"href":"https:\/\/e-nov.it\/index.php\/wp-json\/wp\/v2\/media?parent=2"}],"curies":[{"name":"wp","href":"https:\/\/api.w.org\/{rel}","templated":true}]}}